{"id":19,"date":"2019-08-03T09:05:12","date_gmt":"2019-08-03T09:05:12","guid":{"rendered":"http:\/\/www.pekuterapia.fi\/?page_id=19"},"modified":"2024-05-15T08:45:38","modified_gmt":"2024-05-15T08:45:38","slug":"etusivu","status":"publish","type":"page","link":"https:\/\/www.pekuterapia.fi\/","title":{"rendered":""},"content":{"rendered":"<p>Terapiaistunnoissa korostuvat asiakasl\u00e4ht\u00f6isyys, voimavarakeskeisyys, toiveikkuus, toimivat asiat ja tulevat tavoitteet.<\/p>\n<p>Ty\u00f6tapoja ja -menetelmi\u00e4: kognitiiviset ja ratkaisukeskeiset menetelm\u00e4t, vakauttavat harjoitukset, ajattelun muokkaaminen (esim. uskomukset\/&#8217;jarrut&#8217;), tarvittaessa ja asiakkaan tarpeita ja toiveita kuunnellen my\u00f6s sensomotoriset harjoitteet sek\u00e4 EMDR.\u00a0<\/p>\n<p>Vastaanotto sijaitsee Jyv\u00e4skyl\u00e4n keskustassa, jossa tapaamiset henkil\u00f6kohtaisesti tai videov\u00e4litteisesti, aloitukset aina henkil\u00f6kohtaisesti.<\/p>\n<p>Terapeutin ty\u00f6kokemus p\u00e4\u00e4toimisesta psykoterapiasta pitk\u00e4aikainen.\u00a0<\/p>\n<p>Lis\u00e4tietoja: <a href=\"https:\/\/minduu.fi\/fi\/profiili\/petri_raiha\">https:\/\/minduu.fi\/fi\/profiili\/petri_raiha<\/a><\/p>\n<p>ahdistuneisuush\u00e4iri\u00f6t, fobiat, keskittymis- ja tarkkaavaisuush\u00e4iri\u00f6t, masennus, peliriippuvuus, rentoutus, kehollinen palautuminen, sosiaalisten tilanteiden pelko, surun k\u00e4sitteleminen, traumaterapia, traumaattiset el\u00e4m\u00e4ntilanteet, ty\u00f6ss\u00e4jaksaminen, ty\u00f6uupumus, unettomuuden l\u00e4\u00e4kkeet\u00f6n hoito, vanhempainohjaus ja -tuki, voimaannuttava lyhytterapia, voimavarakeskeinen terapia<\/p>\n\n\n<figure class=\"wp-block-image is-resized\"><img loading=\"lazy\" decoding=\"async\" width=\"195\" height=\"195\" src=\"http:\/\/www.pekuterapia.fi\/wp-content\/uploads\/2019\/08\/Kela.png\" alt=\"\" class=\"wp-image-60\" style=\"width:69px;height:69px\" srcset=\"https:\/\/www.pekuterapia.fi\/wp-content\/uploads\/2019\/08\/Kela.png 195w, https:\/\/www.pekuterapia.fi\/wp-content\/uploads\/2019\/08\/Kela-150x150.png 150w, https:\/\/www.pekuterapia.fi\/wp-content\/uploads\/2019\/08\/Kela-100x100.png 100w\" sizes=\"(max-width: 195px) 100vw, 195px\" \/><figcaption class=\"wp-element-caption\"> <a href=\"https:\/\/www.kela.fi\/kuntoutuspsykoterapia\"><strong>https:\/\/www.kela.fi\/kuntoutuspsykoterapia<\/strong><\/a><strong> <\/strong><\/figcaption><\/figure>\n","protected":false},"excerpt":{"rendered":"<p>Terapiaistunnoissa korostuvat asiakasl\u00e4ht\u00f6isyys, voimavarakeskeisyys, toiveikkuus, toimivat asiat ja tulevat tavoitteet. Ty\u00f6tapoja ja -menetelmi\u00e4: kognitiiviset ja ratkaisukeskeiset menetelm\u00e4t, vakauttavat harjoitukset, ajattelun muokkaaminen (esim. uskomukset\/&#8217;jarrut&#8217;), tarvittaessa ja asiakkaan tarpeita ja toiveita kuunnellen my\u00f6s sensomotoriset harjoitteet sek\u00e4 EMDR.\u00a0 Vastaanotto sijaitsee Jyv\u00e4skyl\u00e4n keskustassa, jossa tapaamiset henkil\u00f6kohtaisesti tai videov\u00e4litteisesti, aloitukset aina henkil\u00f6kohtaisesti. Terapeutin ty\u00f6kokemus p\u00e4\u00e4toimisesta psykoterapiasta pitk\u00e4aikainen.\u00a0 Lis\u00e4tietoja: https:\/\/minduu.fi\/fi\/profiili\/petri_raiha ahdistuneisuush\u00e4iri\u00f6t, &hellip; <\/p>\n<p class=\"link-more\"><a href=\"https:\/\/www.pekuterapia.fi\/\" class=\"more-link\">Jatka lukemista<span class=\"screen-reader-text\"> &#8221;&#8221;<\/span><\/a><\/p>\n","protected":false},"author":1,"featured_media":0,"parent":0,"menu_order":0,"comment_status":"closed","ping_status":"closed","template":"","meta":{"footnotes":""},"_links":{"self":[{"href":"https:\/\/www.pekuterapia.fi\/index.php\/wp-json\/wp\/v2\/pages\/19"}],"collection":[{"href":"https:\/\/www.pekuterapia.fi\/index.php\/wp-json\/wp\/v2\/pages"}],"about":[{"href":"https:\/\/www.pekuterapia.fi\/index.php\/wp-json\/wp\/v2\/types\/page"}],"author":[{"embeddable":true,"href":"https:\/\/www.pekuterapia.fi\/index.php\/wp-json\/wp\/v2\/users\/1"}],"replies":[{"embeddable":true,"href":"https:\/\/www.pekuterapia.fi\/index.php\/wp-json\/wp\/v2\/comments?post=19"}],"version-history":[{"count":16,"href":"https:\/\/www.pekuterapia.fi\/index.php\/wp-json\/wp\/v2\/pages\/19\/revisions"}],"predecessor-version":[{"id":91,"href":"https:\/\/www.pekuterapia.fi\/index.php\/wp-json\/wp\/v2\/pages\/19\/revisions\/91"}],"wp:attachment":[{"href":"https:\/\/www.pekuterapia.fi\/index.php\/wp-json\/wp\/v2\/media?parent=19"}],"curies":[{"name":"wp","href":"https:\/\/api.w.org\/{rel}","templated":true}]}}